{"id":563,"date":"2026-03-09T16:54:59","date_gmt":"2026-03-09T16:54:59","guid":{"rendered":"https:\/\/biennalepalacstruga.pl\/?page_id=563"},"modified":"2026-03-12T23:19:41","modified_gmt":"2026-03-12T23:19:41","slug":"o-biennale-v2","status":"publish","type":"page","link":"https:\/\/biennalepalacstruga.pl\/?page_id=563","title":{"rendered":"O BIENNALE v2 old"},"content":{"rendered":"\n<div class=\"wp-block-uagb-container uagb-block-bd30e3b7 alignfull uagb-is-root-container\">\n<div class=\"wp-block-uagb-container uagb-layout-grid uagb-block-c3371b51\">\n<p class=\"has-text-align-left\" style=\"margin-top:-5px;margin-bottom:-5px;padding-top:0;padding-bottom:0;font-size:2.25em\"><strong>Biennale Sztuki Wsp\u00f3\u0142czesnej<\/strong><\/p>\n\n\n\n<p class=\"has-text-align-center\" style=\"margin-top:-5px;margin-right:0;margin-bottom:-5px;margin-left:0;padding-top:0;padding-right:0;padding-bottom:0;padding-left:0;font-size:2.25em\"><strong>Pa\u0142ac Struga 2026<\/strong><\/p>\n\n\n\n<p class=\"has-text-align-center has-text-color has-link-color wp-elements-e1f39b0e89b3c43e37d92af29777fa21\" style=\"color:#80868c;margin-top:0;margin-bottom:0;padding-top:0;padding-bottom:0;font-size:1.25em\"><em>I Mi\u0119dzynarodowe Biennale Sztuki<\/em><\/p>\n\n\n\n<div style=\"height:1px\" aria-hidden=\"true\" class=\"wp-block-spacer\"><\/div>\n<\/div>\n<\/div>\n\n\n\n<div class=\"wp-block-uagb-container uagb-block-5baaecd2 alignfull uagb-is-root-container\">\n<div class=\"wp-block-uagb-container uagb-block-6a74cc7c\">\n<p class=\"has-text-align-left\" style=\"margin-top:0;margin-bottom:0;padding-top:0;padding-right:5rem;padding-bottom:0;padding-left:5rem;font-size:1.25em\"><strong>STRUGA . KONTEKSTY | STRUGA . CONTEXTS<\/strong><\/p>\n<\/div>\n\n\n\n<div style=\"height:0px\" aria-hidden=\"true\" class=\"wp-block-spacer\"><\/div>\n\n\n\n<div class=\"wp-block-uagb-container uagb-block-ec322922\">\n<p style=\"margin-top:0;margin-bottom:0;padding-top:0;padding-right:var(--wp--preset--spacing--80);padding-bottom:0;padding-left:var(--wp--preset--spacing--80);font-size:1.25em\">Zapraszamy na mi\u0119dzynarodowe <br>biennale sztuki wsp\u00f3\u0142czesnej <br>w Pa\u0142acu Struga &#8211; miejsca, <br>gdzie historia spotyka si\u0119 <br>z nowoczesno\u015bci\u0105.<\/p>\n<\/div>\n\n\n\n<div style=\"height:1px\" aria-hidden=\"true\" class=\"wp-block-spacer\"><\/div>\n\n\n\n<div class=\"wp-block-uagb-container uagb-block-5ee87ca7\">\n<div class=\"wp-block-buttons is-content-justification-left is-layout-flex wp-container-core-buttons-is-layout-cbcbbe2f wp-block-buttons-is-layout-flex\" style=\"padding-right:var(--wp--preset--spacing--80);padding-left:var(--wp--preset--spacing--80)\">\n<div class=\"wp-block-button is-style-fill\"><a class=\"wp-block-button__link has-background has-custom-font-size wp-element-button\" style=\"border-style:none;border-width:0px;background-color:#4892dc;padding-top:var(--wp--preset--spacing--30);padding-right:var(--wp--preset--spacing--70);padding-bottom:var(--wp--preset--spacing--30);padding-left:var(--wp--preset--spacing--70);font-size:1em\">DOWIEDZ SI\u0118 WI\u0118CEJ<\/a><\/div>\n<\/div>\n<\/div>\n<\/div>\n\n\n\n<div style=\"height:30px\" aria-hidden=\"true\" class=\"wp-block-spacer\"><\/div>\n\n\n\n<div class=\"wp-block-uagb-tabs uagb-block-fbc9ab40 uagb-tabs__wrap uagb-tabs__hstyle3-desktop uagb-tabs__vstyle6-tablet uagb-tabs__stack1-mobile\" data-tab-active=\"0\"><ul class=\"uagb-tabs__panel uagb-tabs__align-left\" role=\"tablist\"><li class=\"uagb-tab uagb-tabs__active\" role=\"none\"><a href=\"#uagb-tabs__tab0\" class=\"uagb-tabs-list uagb-tabs__icon-position-left\" data-tab=\"0\" role=\"tab\"><div>Tab 1<\/div><\/a><\/li><li class=\"uagb-tab \" role=\"none\"><a href=\"#uagb-tabs__tab1\" class=\"uagb-tabs-list uagb-tabs__icon-position-left\" data-tab=\"1\" role=\"tab\"><div>Tab 2<\/div><\/a><\/li><li class=\"uagb-tab \" role=\"none\"><a href=\"#uagb-tabs__tab2\" class=\"uagb-tabs-list uagb-tabs__icon-position-left\" data-tab=\"2\" role=\"tab\"><div>Tab 3<\/div><\/a><\/li><\/ul><div class=\"uagb-tabs__body-wrap\">\n<div class=\"wp-block-uagb-tabs-child uagb-tabs__body-container uagb-inner-tab-0\" aria-labelledby=\"uagb-tabs__tab0\">\n<p>Lorem ipsum dolor sit amet, consectetur adipiscing elit. Ut elit tellus, luctus nec ullamcorper mattis, pulvinar dapibus leo.<\/p>\n<\/div>\n\n\n\n<div class=\"wp-block-uagb-tabs-child uagb-tabs__body-container uagb-inner-tab-1\" aria-labelledby=\"uagb-tabs__tab1\">\n<p>Lorem ipsum dolor sit amet, consectetur adipiscing elit. Ut elit tellus, luctus nec ullamcorper mattis, pulvinar dapibus leo.<\/p>\n<\/div>\n\n\n\n<div class=\"wp-block-uagb-tabs-child uagb-tabs__body-container uagb-inner-tab-2\" aria-labelledby=\"uagb-tabs__tab2\">\n<p>Lorem ipsum dolor sit amet, consectetur adipiscing elit. Ut elit tellus, luctus nec ullamcorper mattis, pulvinar dapibus leo.<\/p>\n<\/div>\n<\/div><\/div>\n\n\n\n<div class=\"wp-block-uagb-tabs uagb-block-ef6cffc5 uagb-tabs__wrap uagb-tabs__hstyle3-desktop uagb-tabs__vstyle6-tablet uagb-tabs__stack1-mobile\" data-tab-active=\"0\"><ul class=\"uagb-tabs__panel uagb-tabs__align-left\" role=\"tablist\"><li class=\"uagb-tab uagb-tabs__active\" role=\"none\"><a href=\"#uagb-tabs__tab0\" class=\"uagb-tabs-list uagb-tabs__icon-position-left\" data-tab=\"0\" role=\"tab\"><div>IDEA I KONCEPCJA<\/div><\/a><\/li><li class=\"uagb-tab \" role=\"none\"><a href=\"#uagb-tabs__tab1\" class=\"uagb-tabs-list uagb-tabs__icon-position-left\" data-tab=\"1\" role=\"tab\"><div>HISTORIA (MI\u0118DZYNARODOWY PRZEGL\u0104D SZTUKI)<\/div><\/a><\/li><li class=\"uagb-tab \" role=\"none\"><a href=\"#uagb-tabs__tab2\" class=\"uagb-tabs-list uagb-tabs__icon-position-left\" data-tab=\"2\" role=\"tab\"><div>FUNDACJA PA\u0141AC STRUGA<\/div><\/a><\/li><li class=\"uagb-tab \" role=\"none\"><a href=\"#uagb-tabs__tab3\" class=\"uagb-tabs-list uagb-tabs__icon-position-left\" data-tab=\"3\" role=\"tab\"><div>New Tab<\/div><\/a><\/li><\/ul><div class=\"uagb-tabs__body-wrap\">\n<div class=\"wp-block-uagb-tabs-child uagb-tabs__body-container uagb-inner-tab-0 left-tabs\" aria-labelledby=\"uagb-tabs__tab0\">\n<div class=\"wp-block-uagb-container uagb-block-29132a58 alignfull uagb-is-root-container\"><div class=\"uagb-container-inner-blocks-wrap\">\n<div class=\"wp-block-uagb-container uagb-block-abc867bd\">\n<p style=\"margin-top:0;margin-bottom:0;padding-top:0;padding-bottom:0;font-size:1.88em\"><strong>Historia (Mi\u0119dzynarodowy Przegl\u0105d Sztuki):<\/strong><\/p>\n\n\n\n<p style=\"margin-top:0;margin-bottom:0;padding-top:0;padding-bottom:0;font-size:1.25em\"><em>Historia wydarzenia<\/em><\/p>\n\n\n\n<p style=\"margin-top:0;margin-bottom:0;padding-top:0;padding-bottom:0;font-size:1.25em\">Mi\u0119dzynarodowe Biennale Sztuki \u2013 Pa\u0142ac Struga jest naturaln\u0105 kontynuacj\u0105 Mi\u0119dzynarodowych Przegl\u0105d\u00f3w Sztuki organizowanych w Pa\u0142acu Struga od 2021 roku.<\/p>\n\n\n\n<p style=\"margin-top:0;margin-bottom:0;padding-top:0;padding-bottom:0;font-size:1.25em\">Inspiracj\u0105 do stworzenia Mi\u0119dzynarodowego Przegl\u0105du Sztuki by\u0142y wieloletnie dzia\u0142ania artystyczne Krzysztofa Ryfy, prowadz\u0105cego prywatn\u0105 galeri\u0119 sztuki w zabytkowym spichlerzu w Ostrowie Wielkopolskim. Pierwsza edycja Przegl\u0105du odby\u0142a si\u0119 w 2021 roku dzi\u0119ki znacz\u0105cemu wsparciu merytorycznemu i technicznemu Krzysztofa Ryfy oraz Natalii Wegner.<\/p>\n\n\n\n<p style=\"margin-top:0;margin-bottom:0;padding-top:0;padding-bottom:0;font-size:1.25em\">W kolejnych latach formu\u0142a wydarzenia rozwija\u0142a si\u0119 i poszerza\u0142a zakres wsp\u00f3\u0142pracy. W latach 2023, 2024 i 2025 Mi\u0119dzynarodowy Przegl\u0105d Sztuki by\u0142 realizowany w koalicji trzech organizacji pozarz\u0105dowych: Niezale\u017cnego Stowarzyszenia Galeria 33 z Ostrowa Wielkopolskiego, Stowarzyszenia Stacja Kultura z Bornego Sulinowa oraz Fundacji Pa\u0142ac Struga. Wsp\u00f3\u0142praca trzech \u015brodowisk artystycznych zaowocowa\u0142a projektem \u201eMi\u0119dzynarodowy Przegl\u0105d Sztuki \u2013 Od g\u00f3r po morze\u201d, \u0142\u0105cz\u0105cym artyst\u00f3w i instytucje z trzech wojew\u00f3dztw: wielkopolskiego, zachodniopomorskiego i dolno\u015bl\u0105skiego.<\/p>\n\n\n\n<p style=\"margin-top:0;margin-bottom:0;padding-top:0;padding-bottom:0;font-size:1.25em\">Do\u015bwiadczenia zdobyte podczas kolejnych edycji Przegl\u0105du oraz rosn\u0105ca skala zainteresowania wydarzeniem sta\u0142y si\u0119 impulsem do przekszta\u0142cenia formu\u0142y w Mi\u0119dzynarodowe Biennale Sztuki \u2013 Pa\u0142ac Struga. Nowa struktura umo\u017cliwia dalszy rozw\u00f3j projektu, wprowadzenie dwuetapowej selekcji oraz budowanie d\u0142ugofalowej to\u017csamo\u015bci wydarzenia.<\/p>\n<\/div>\n<\/div><\/div>\n<\/div>\n\n\n\n<div class=\"wp-block-uagb-tabs-child uagb-tabs__body-container uagb-inner-tab-1 left-tabs\" aria-labelledby=\"uagb-tabs__tab1\">\n<div class=\"wp-block-uagb-container uagb-block-a356f195 alignfull uagb-is-root-container\">\n<div class=\"wp-block-uagb-container uagb-block-c395594d\">\n<p style=\"margin-top:0;margin-bottom:0;padding-top:0;padding-bottom:0;font-size:1.88em\"><strong>Fundacja Pa\u0142ac Struga<\/strong><\/p>\n\n\n\n<p style=\"margin-top:0;margin-bottom:0;padding-top:0;padding-bottom:0;font-size:1.25em\">Fundacja Pa\u0142ac Struga zosta\u0142a powo\u0142ana 5 lipca 2017 roku przez w\u0142a\u015bcicieli zespo\u0142u pa\u0142acowo-parkowego w Strudze, aby zwi\u0119kszy\u0107 mo\u017cliwo\u015bci pozyskiwania \u015brodk\u00f3w na prace ratunkowe, renowacyjne i konserwatorskie oraz rozwijanie dzia\u0142a\u0144 kulturalnych, historycznych i edukacyjnych prowadzonych przez nich od 2012 roku.<\/p>\n\n\n\n<p style=\"margin-top:0;margin-bottom:0;padding-top:0;padding-bottom:0;font-size:1.25em\">Prace ratunkowe, renowacyjne i konserwatorskie, prowadzone od 2003 roku, stopniowo przywracaj\u0105 minion\u0105 \u015bwietno\u015b\u0107 dawnej siedzibie szlacheckiej. Stan obiektu oraz skala koniecznych prac wymagaj\u0105 ogromnych nak\u0142ad\u00f3w finansowych i wieloletniego zaanga\u017cowania, roz\u0142o\u017conego na kolejne pokolenia.<\/p>\n\n\n\n<p style=\"margin-top:0;margin-bottom:0;padding-top:0;padding-bottom:0;font-size:1.25em\">W\u0142a\u015bciciele obiektu nie chcieli czeka\u0107 na zako\u0144czenie prac restauratorskich. Pragn\u0105c przywr\u00f3ci\u0107 pa\u0142ac do \u017cycia, szeroko otworzyli jego drzwi dla sztuki i artyst\u00f3w \u2013 tak jak czynili to dawni w\u0142a\u015bciciele. Dzia\u0142ania kulturalne prowadzone przez w\u0142a\u015bcicieli i Fundacj\u0119 Pa\u0142ac Struga s\u0105 kontynuacj\u0105 tradycji rodziny Aufrith z okresu mi\u0119dzywojennego. W\u00f3wczas latem pa\u0142ac wype\u0142niali muzycy i \u015bpiewacy z Opery Berli\u0144skiej, arty\u015bci oraz pisarze. W sali balowej wystawiano opery i spektakle, a w pa\u0142acu przebywali m.in. Bertolt Brecht, Thomas Mann i Georg Grosz.<\/p>\n\n\n\n<p style=\"margin-top:0;margin-bottom:0;padding-top:0;padding-bottom:0;font-size:1.25em\">Od 2012 roku kontynuowane s\u0105 dzia\u0142ania artystyczne poprzez organizacj\u0119 koncert\u00f3w, spektakli, wystaw, prezentacji oraz rezydencji artystycznych. Dotychczasowe wydarzenia dowiod\u0142y, \u017ce pa\u0142acowe wn\u0119trza tworz\u0105 niezwyk\u0142\u0105 galeri\u0119, w kt\u00f3rej wsp\u00f3\u0142czesna sztuka harmonijnie wpisuje si\u0119 w historyczne mury, tworz\u0105c wyj\u0105tkowy klimat i swoisty dialog mi\u0119dzy dzie\u0142ami minionych epok a sztuk\u0105 powstaj\u0105c\u0105 wsp\u00f3\u0142cze\u015bnie.<\/p>\n\n\n\n<p style=\"margin-top:0;margin-bottom:0;padding-top:0;padding-bottom:0;font-size:1.88em\"><strong>Historia Pa\u0142acu Struga<\/strong><\/p>\n\n\n\n<p style=\"margin-top:0;margin-bottom:0;padding-top:0;padding-bottom:0;font-size:1.25em\">Pa\u0142ac Struga jest obiektem o wyj\u0105tkowej warto\u015bci historycznej i architektonicznej, z zachowanym bogatym wystrojem malarskim. Pocz\u0105tki budowli si\u0119gaj\u0105 XIV wieku, kiedy to we wsi Adelsbach powsta\u0142a mieszkalna wie\u017ca rycerska Ulricha von Schoffa. Na pocz\u0105tku XV wieku wie\u017c\u0119 rozbudowano do jednoskrzyd\u0142owego dworu obronnego, a w okresie renesansu r\u00f3d von Czettritz dokona\u0142 kolejnej rozbudowy, nadaj\u0105c budowli obecn\u0105, czworoboczn\u0105 bry\u0142\u0119.<\/p>\n\n\n\n<p style=\"margin-top:0;margin-bottom:0;padding-top:0;padding-bottom:0;font-size:1.25em\">W\u0142a\u015bciciele nie poprzestali na rozbudowie architektonicznej \u2013 z rozmachem zadbali o bogate i r\u00f3\u017cnorodne dekoracje malarskie \u015bcian, sklepie\u0144 i sufit\u00f3w. Przez ponad 200 lat malarze pokrywali wn\u0119trza kolejnymi warstwami polichromii. Wczesnorenesansowe malowid\u0142a zosta\u0142y przykryte nowymi warstwami tynku i dekoracji, tworz\u0105c unikatow\u0105, wielowarstwow\u0105 struktur\u0119 malarsk\u0105.<\/p>\n\n\n\n<p style=\"margin-top:0;margin-bottom:0;padding-top:0;padding-bottom:0;font-size:1.25em\">Szczytowym osi\u0105gni\u0119ciem dekoracyjnym jest renesansowy fryz w Sali Cesarskiej przedstawiaj\u0105cy portrety 28 cesarzy \u2013 10 Cesarzy Rzymskich i 18 Cesarzy \u015awi\u0119tego Cesarstwa Rzymskiego \u2013 odkryty i poddany konserwacji w ramach prac badawczych.<\/p>\n\n\n\n<p style=\"margin-top:0;margin-bottom:0;padding-top:0;padding-bottom:0;font-size:1.25em\">W okresie baroku kolejni w\u0142a\u015bciciele, rodzina von Kluge, wprowadzili modernizacje w nowym stylu. Sala Cesarska zosta\u0142a przekszta\u0142cona w sal\u0119 balow\u0105. Renesansowy strop zast\u0105piono drewnian\u0105, otynkowan\u0105 i polichromowan\u0105 kopu\u0142\u0105, a wcze\u015bniejsze malowid\u0142a cz\u0119\u015bciowo zas\u0142oni\u0119to. To niezwyk\u0142e rozwi\u0105zanie dla \u015bwieckiej siedziby stanowi dzi\u015b kolejny unikatowy element wystroju.<\/p>\n\n\n\n<p style=\"margin-top:0;margin-bottom:0;padding-top:0;padding-bottom:0;font-size:1.25em\">Zmiany barokowe nie zatar\u0142y jednak pierwotnego charakteru obiektu. Do dzi\u015b mo\u017cemy podziwia\u0107 renesansow\u0105 siedzib\u0119 rycersk\u0105 z czytelnymi fazami przebud\u00f3w oraz niezwykle bogat\u0105 ornamentyk\u0105 malarsk\u0105. Pod kolejnymi warstwami tynk\u00f3w odkrywane s\u0105 polichromie z okresu renesansu, baroku, klasycyzmu i XIX wieku. Pomimo ponad 20 lat intensywnych bada\u0144 i prac konserwatorskich, proces przywracania dawnej \u015bwietno\u015bci wci\u0105\u017c trwa.<\/p>\n\n\n\n<p style=\"margin-top:0;margin-bottom:0;padding-top:0;padding-bottom:0;font-size:1.25em\">Pa\u0142ac przetrwa\u0142 Wojny \u015al\u0105skie oraz I i II wojn\u0119 \u015bwiatow\u0105 bez wi\u0119kszych zniszcze\u0144. Dopiero okres PRL doprowadzi\u0142 do powa\u017cnej dewastacji i utraty niemal wszystkich cennych sufit\u00f3w i strop\u00f3w. Od ponad dw\u00f3ch dekad w\u0142a\u015bciciele prowadz\u0105 konsekwentne dzia\u0142ania maj\u0105ce na celu ratowanie zabytku.<\/p>\n\n\n\n<p style=\"margin-top:0;margin-bottom:0;padding-top:0;padding-bottom:0;font-size:1.25em\">W 2017 roku powo\u0142ano Fundacj\u0119 Pa\u0142ac Struga, aby zwi\u0119kszy\u0107 mo\u017cliwo\u015bci pozyskiwania \u015brodk\u00f3w na prace ratunkowe, renowacyjne i konserwatorskie. Od 2019 roku Ministerstwo Kultury i Dziedzictwa Narodowego, Urz\u0105d Marsza\u0142kowski Wojew\u00f3dztwa Dolno\u015bl\u0105skiego oraz Dolno\u015bl\u0105ski Wojew\u00f3dzki Konserwator Zabytk\u00f3w wspieraj\u0105 prowadzone dzia\u0142ania poprzez dofinansowania. R\u00f3wnie\u017c osoby prywatne, przekazuj\u0105c darowizny, 1,5% podatku oraz odwiedzaj\u0105c pa\u0142ac, przyczyniaj\u0105 si\u0119 do ratowania tego wyj\u0105tkowego zabytku.<\/p>\n\n\n\n<p style=\"padding-top:0;padding-right:0;padding-bottom:0;padding-left:0;font-size:1em\"><em>Agnieszka Chmura-Wieczorek<br><strong>Prezes Fundacji Pa\u0142ac Struga<\/strong><\/em><\/p>\n<\/div>\n<\/div>\n<\/div>\n\n\n\n<div class=\"wp-block-uagb-tabs-child uagb-tabs__body-container uagb-inner-tab-2\" aria-labelledby=\"uagb-tabs__tab2\">\n<p>Lorem ipsum dolor sit amet, consectetur adipiscing elit. Ut elit tellus, luctus nec ullamcorper mattis, pulvinar dapibus leo.<\/p>\n<\/div>\n<\/div><\/div>\n","protected":false},"excerpt":{"rendered":"<p>Biennale Sztuki Wsp\u00f3\u0142czesnej Pa\u0142ac Struga 2026 I Mi\u0119dzynarodowe Biennale Sztuki STRUGA . KONTEKSTY | STRUGA . CONTEXTS Zapraszamy na mi\u0119dzynarodowe [&hellip;]<\/p>\n","protected":false},"author":1,"featured_media":0,"parent":0,"menu_order":0,"comment_status":"closed","ping_status":"closed","template":"","meta":{"_uag_custom_page_level_css":"","site-sidebar-layout":"no-sidebar","site-content-layout":"","ast-site-content-layout":"full-width-container","site-content-style":"default","site-sidebar-style":"default","ast-global-header-display":"","ast-banner-title-visibility":"","ast-main-header-display":"","ast-hfb-above-header-display":"","ast-hfb-below-header-display":"","ast-hfb-mobile-header-display":"","site-post-title":"disabled","ast-breadcrumbs-content":"","ast-featured-img":"","footer-sml-layout":"","ast-disable-related-posts":"","theme-transparent-header-meta":"","adv-header-id-meta":"","stick-header-meta":"","header-above-stick-meta":"","header-main-stick-meta":"","header-below-stick-meta":"","astra-migrate-meta-layouts":"default","ast-page-background-enabled":"default","ast-page-background-meta":{"desktop":{"background-color":"var(--ast-global-color-5)","background-image":"","background-repeat":"repeat","background-position":"center center","background-size":"auto","background-attachment":"scroll","background-type":"","background-media":"","overlay-type":"","overlay-color":"","overlay-opacity":"","overlay-gradient":""},"tablet":{"background-color":"","background-image":"","background-repeat":"repeat","background-position":"center center","background-size":"auto","background-attachment":"scroll","background-type":"","background-media":"","overlay-type":"","overlay-color":"","overlay-opacity":"","overlay-gradient":""},"mobile":{"background-color":"","background-image":"","background-repeat":"repeat","background-position":"center center","background-size":"auto","background-attachment":"scroll","background-type":"","background-media":"","overlay-type":"","overlay-color":"","overlay-opacity":"","overlay-gradient":""}},"ast-content-background-meta":{"desktop":{"background-color":"var(--ast-global-color-4)","background-image":"","background-repeat":"repeat","background-position":"center center","background-size":"auto","background-attachment":"scroll","background-type":"","background-media":"","overlay-type":"","overlay-color":"","overlay-opacity":"","overlay-gradient":""},"tablet":{"background-color":"var(--ast-global-color-4)","background-image":"","background-repeat":"repeat","background-position":"center center","background-size":"auto","background-attachment":"scroll","background-type":"","background-media":"","overlay-type":"","overlay-color":"","overlay-opacity":"","overlay-gradient":""},"mobile":{"background-color":"var(--ast-global-color-4)","background-image":"","background-repeat":"repeat","background-position":"center center","background-size":"auto","background-attachment":"scroll","background-type":"","background-media":"","overlay-type":"","overlay-color":"","overlay-opacity":"","overlay-gradient":""}},"footnotes":""},"class_list":["post-563","page","type-page","status-publish","hentry"],"uagb_featured_image_src":{"full":false,"thumbnail":false,"medium":false,"medium_large":false,"large":false,"1536x1536":false,"2048x2048":false},"uagb_author_info":{"display_name":"admin1772","author_link":"https:\/\/biennalepalacstruga.pl\/?author=1"},"uagb_comment_info":0,"uagb_excerpt":"Biennale Sztuki Wsp\u00f3\u0142czesnej Pa\u0142ac Struga 2026 I Mi\u0119dzynarodowe Biennale Sztuki STRUGA . KONTEKSTY | STRUGA . CONTEXTS Zapraszamy na mi\u0119dzynarodowe [&hellip;]","_links":{"self":[{"href":"https:\/\/biennalepalacstruga.pl\/index.php?rest_route=\/wp\/v2\/pages\/563","targetHints":{"allow":["GET"]}}],"collection":[{"href":"https:\/\/biennalepalacstruga.pl\/index.php?rest_route=\/wp\/v2\/pages"}],"about":[{"href":"https:\/\/biennalepalacstruga.pl\/index.php?rest_route=\/wp\/v2\/types\/page"}],"author":[{"embeddable":true,"href":"https:\/\/biennalepalacstruga.pl\/index.php?rest_route=\/wp\/v2\/users\/1"}],"replies":[{"embeddable":true,"href":"https:\/\/biennalepalacstruga.pl\/index.php?rest_route=%2Fwp%2Fv2%2Fcomments&post=563"}],"version-history":[{"count":102,"href":"https:\/\/biennalepalacstruga.pl\/index.php?rest_route=\/wp\/v2\/pages\/563\/revisions"}],"predecessor-version":[{"id":802,"href":"https:\/\/biennalepalacstruga.pl\/index.php?rest_route=\/wp\/v2\/pages\/563\/revisions\/802"}],"wp:attachment":[{"href":"https:\/\/biennalepalacstruga.pl\/index.php?rest_route=%2Fwp%2Fv2%2Fmedia&parent=563"}],"curies":[{"name":"wp","href":"https:\/\/api.w.org\/{rel}","templated":true}]}}