{"id":2,"date":"2026-02-20T20:39:40","date_gmt":"2026-02-20T20:39:40","guid":{"rendered":"http:\/\/biennalepalacstruga.pl\/?page_id=2"},"modified":"2026-02-23T21:29:41","modified_gmt":"2026-02-23T21:29:41","slug":"sample-page","status":"publish","type":"page","link":"https:\/\/biennalepalacstruga.pl\/?page_id=2","title":{"rendered":"Idea i koncepcja"},"content":{"rendered":"\n<p>STRUGA. KONTEKSTY<br>O idei Mi\u0119dzynarodowego Biennale Sztuki \u2013 Pa\u0142ac Struga<\/p>\n\n\n\n<p class=\"has-medium-font-size\" style=\"border-style:none;border-width:0px;padding-right:0;padding-left:0\">Mi\u0119dzynarodowe Biennale Sztuki \u2013 Pa\u0142ac Struga wyrasta z potrzeby tworzenia przestrzeni spotkania. Jest naturaln\u0105 kontynuacj\u0105 wcze\u015bniejszych dzia\u0142a\u0144 wystawienniczych, a zarazem \u015bwiadomym krokiem w stron\u0119 formu\u0142y, kt\u00f3ra buduje d\u0142ugofalow\u0105 to\u017csamo\u015b\u0107 i ci\u0105g\u0142o\u015b\u0107.<\/p>\n\n\n\n<p class=\"has-medium-font-size\">Biennale nie jest jedynie wydarzeniem konkursowym. To rytm \u2013 powracaj\u0105cy co dwa lata moment skupienia, konfrontacji i wyboru. Czas, w kt\u00f3rym r\u00f3\u017cne formy wypowiedzi artystycznej zostaj\u0105 zestawione ze sob\u0105, a indywidualne wypowiedzi zaczynaj\u0105<br>funkcjonowa\u0107 we wsp\u00f3lnej przestrzeni.<\/p>\n\n\n\n<p class=\"has-medium-font-size\" style=\"border-style:none;border-width:0px\">Poj\u0119cie \u201eKonteksty\u201d stanowi fundament tej idei. Nie jest tematem ani narzucon\u0105 narracj\u0105. Oznacza \u015bwiadomo\u015b\u0107, \u017ce dzie\u0142o sztuki istnieje zawsze w relacji \u2013 do miejsca, do historii, do innych prac, do widza. Znaczenie nie rodzi si\u0119 w izolacji. Powstaje w zetkni\u0119ciu.<\/p>\n\n\n\n<p class=\"has-medium-font-size\">Pa\u0142ac Struga nie jest neutralnym t\u0142em. Jego architektura, \u015blady czasu, ch\u0142\u00f3d mur\u00f3w i zmienno\u015b\u0107 \u015bwiat\u0142a wsp\u00f3\u0142tworz\u0105 warunki odbioru. Przestrze\u0144 wp\u0142ywa na dzie\u0142o, tak jak dzie\u0142o przekszta\u0142ca przestrze\u0144. W tej wymianie pojawia si\u0119 napi\u0119cie, kt\u00f3re interesuje nas najbardziej.<\/p>\n\n\n\n<p class=\"has-medium-font-size\">Biennale otwarte jest na r\u00f3\u017cnorodno\u015b\u0107 medi\u00f3w i postaw. Nie d\u0105\u017cy do jednolitej estetyki ani do potwierdzania obowi\u0105zuj\u0105cych trend\u00f3w. Zale\u017cy nam na wielog\u0142osie \u2013 na sytuacji, w kt\u00f3rej prace nie tylko s\u0105 prezentowane obok siebie, lecz wchodz\u0105 ze sob\u0105 w dialog, kontrast, czasem w sp\u00f3r.<\/p>\n\n\n\n<p class=\"has-medium-font-size\">\u201eKonteksty\u201d odnosz\u0105 si\u0119 tak\u017ce do wymiaru mi\u0119dzynarodowego. Spotkanie artyst\u00f3w z r\u00f3\u017cnych \u015brodowisk i do\u015bwiadcze\u0144 kulturowych poszerza pole interpretacji i pozwala spojrze\u0107 na sztuk\u0119 jako przestrze\u0144 wymiany, a nie zamkni\u0119ty system.<\/p>\n\n\n\n<p class=\"has-medium-font-size\">Mi\u0119dzynarodowe Biennale Sztuki \u2013 Pa\u0142ac Struga buduje miejsce, w kt\u00f3rym znaczenia nie s\u0105 narzucone, lecz powstaj\u0105 w relacji. W uwa\u017cno\u015bci na przestrze\u0144, na materi\u0119 i na obecno\u015b\u0107 drugiego wsp\u00f3\u0142uczestnika do\u015bwiadczenia.<\/p>\n\n\n\n<p class=\"has-medium-font-size\">Struga. Konteksty.<br>To nie has\u0142o. To perspektywa.<\/p>\n\n\n\n<p class=\"has-medium-font-size\">Aurelia Tymi\u0144ska<br>Kurator Wystawy<\/p>\n\n\n\n<p><\/p>\n","protected":false},"excerpt":{"rendered":"<p>STRUGA. KONTEKSTYO idei Mi\u0119dzynarodowego Biennale Sztuki \u2013 Pa\u0142ac Struga Mi\u0119dzynarodowe Biennale Sztuki \u2013 Pa\u0142ac Struga wyrasta z potrzeby tworzenia przestrzeni [&hellip;]<\/p>\n","protected":false},"author":1,"featured_media":0,"parent":0,"menu_order":1,"comment_status":"closed","ping_status":"closed","template":"","meta":{"_uag_custom_page_level_css":"","site-sidebar-layout":"default","site-content-layout":"","ast-site-content-layout":"default","site-content-style":"default","site-sidebar-style":"default","ast-global-header-display":"","ast-banner-title-visibility":"","ast-main-header-display":"","ast-hfb-above-header-display":"","ast-hfb-below-header-display":"","ast-hfb-mobile-header-display":"","site-post-title":"","ast-breadcrumbs-content":"","ast-featured-img":"","footer-sml-layout":"","ast-disable-related-posts":"","theme-transparent-header-meta":"","adv-header-id-meta":"","stick-header-meta":"","header-above-stick-meta":"","header-main-stick-meta":"","header-below-stick-meta":"","astra-migrate-meta-layouts":"default","ast-page-background-enabled":"default","ast-page-background-meta":{"desktop":{"background-color":"var(--ast-global-color-5)","background-image":"","background-repeat":"repeat","background-position":"center center","background-size":"auto","background-attachment":"scroll","background-type":"","background-media":"","overlay-type":"","overlay-color":"","overlay-opacity":"","overlay-gradient":""},"tablet":{"background-color":"","background-image":"","background-repeat":"repeat","background-position":"center center","background-size":"auto","background-attachment":"scroll","background-type":"","background-media":"","overlay-type":"","overlay-color":"","overlay-opacity":"","overlay-gradient":""},"mobile":{"background-color":"","background-image":"","background-repeat":"repeat","background-position":"center center","background-size":"auto","background-attachment":"scroll","background-type":"","background-media":"","overlay-type":"","overlay-color":"","overlay-opacity":"","overlay-gradient":""}},"ast-content-background-meta":{"desktop":{"background-color":"var(--ast-global-color-4)","background-image":"","background-repeat":"repeat","background-position":"center center","background-size":"auto","background-attachment":"scroll","background-type":"","background-media":"","overlay-type":"","overlay-color":"","overlay-opacity":"","overlay-gradient":""},"tablet":{"background-color":"var(--ast-global-color-4)","background-image":"","background-repeat":"repeat","background-position":"center center","background-size":"auto","background-attachment":"scroll","background-type":"","background-media":"","overlay-type":"","overlay-color":"","overlay-opacity":"","overlay-gradient":""},"mobile":{"background-color":"var(--ast-global-color-4)","background-image":"","background-repeat":"repeat","background-position":"center center","background-size":"auto","background-attachment":"scroll","background-type":"","background-media":"","overlay-type":"","overlay-color":"","overlay-opacity":"","overlay-gradient":""}},"footnotes":""},"class_list":["post-2","page","type-page","status-publish","hentry"],"uagb_featured_image_src":{"full":false,"thumbnail":false,"medium":false,"medium_large":false,"large":false,"1536x1536":false,"2048x2048":false},"uagb_author_info":{"display_name":"admin1772","author_link":"https:\/\/biennalepalacstruga.pl\/?author=1"},"uagb_comment_info":0,"uagb_excerpt":"STRUGA. KONTEKSTYO idei Mi\u0119dzynarodowego Biennale Sztuki \u2013 Pa\u0142ac Struga Mi\u0119dzynarodowe Biennale Sztuki \u2013 Pa\u0142ac Struga wyrasta z potrzeby tworzenia przestrzeni [&hellip;]","_links":{"self":[{"href":"https:\/\/biennalepalacstruga.pl\/index.php?rest_route=\/wp\/v2\/pages\/2","targetHints":{"allow":["GET"]}}],"collection":[{"href":"https:\/\/biennalepalacstruga.pl\/index.php?rest_route=\/wp\/v2\/pages"}],"about":[{"href":"https:\/\/biennalepalacstruga.pl\/index.php?rest_route=\/wp\/v2\/types\/page"}],"author":[{"embeddable":true,"href":"https:\/\/biennalepalacstruga.pl\/index.php?rest_route=\/wp\/v2\/users\/1"}],"replies":[{"embeddable":true,"href":"https:\/\/biennalepalacstruga.pl\/index.php?rest_route=%2Fwp%2Fv2%2Fcomments&post=2"}],"version-history":[{"count":8,"href":"https:\/\/biennalepalacstruga.pl\/index.php?rest_route=\/wp\/v2\/pages\/2\/revisions"}],"predecessor-version":[{"id":135,"href":"https:\/\/biennalepalacstruga.pl\/index.php?rest_route=\/wp\/v2\/pages\/2\/revisions\/135"}],"wp:attachment":[{"href":"https:\/\/biennalepalacstruga.pl\/index.php?rest_route=%2Fwp%2Fv2%2Fmedia&parent=2"}],"curies":[{"name":"wp","href":"https:\/\/api.w.org\/{rel}","templated":true}]}}