{"id":1152,"date":"2026-03-13T20:27:16","date_gmt":"2026-03-13T20:27:16","guid":{"rendered":"https:\/\/biennalepalacstruga.pl\/?page_id=1152"},"modified":"2026-03-13T20:30:59","modified_gmt":"2026-03-13T20:30:59","slug":"zgloszenia-v2","status":"publish","type":"page","link":"https:\/\/biennalepalacstruga.pl\/?page_id=1152","title":{"rendered":"ZG\u0141OSZENIA V2"},"content":{"rendered":"\n<div class=\"wp-block-uagb-container uagb-block-bd30e3b7 alignfull uagb-is-root-container\">\n<div class=\"wp-block-uagb-container uagb-layout-grid uagb-block-c3371b51\">\n<p><\/p>\n\n\n\n<p class=\"has-text-align-left\" style=\"margin-top:-5px;margin-bottom:-5px;padding-top:0;padding-bottom:0;font-size:2.25em\"><strong>We\u017a udzia\u0142 w Biennalach Sztuki Wsp\u00f3\u0142czesnej<\/strong> <strong>2026<\/strong><\/p>\n\n\n\n<p class=\"has-text-align-center\" style=\"margin-top:-5px;margin-right:0;margin-bottom:-5px;margin-left:0;padding-top:0;padding-right:0;padding-bottom:0;padding-left:0;font-size:2.25em\"><\/p>\n\n\n\n<div style=\"height:1px\" aria-hidden=\"true\" class=\"wp-block-spacer\"><\/div>\n<\/div>\n<\/div>\n\n\n\n<div class=\"wp-block-uagb-container uagb-block-5baaecd2 alignfull uagb-is-root-container\">\n<div class=\"wp-block-uagb-container uagb-block-6a74cc7c\">\n<p class=\"has-text-align-left\" style=\"margin-top:0;margin-bottom:0;padding-top:0;padding-right:5rem;padding-bottom:0;padding-left:5rem;font-size:1.25em\"><\/p>\n<\/div>\n\n\n\n<div style=\"height:0px\" aria-hidden=\"true\" class=\"wp-block-spacer\"><\/div>\n\n\n\n<div class=\"wp-block-uagb-container uagb-block-ec322922\">\n<p style=\"margin-top:0;margin-bottom:0;padding-top:0;padding-right:var(--wp--preset--spacing--80);padding-bottom:0;padding-left:var(--wp--preset--spacing--80);font-size:1.25em\"><\/p>\n<\/div>\n\n\n\n<div style=\"height:1px\" aria-hidden=\"true\" class=\"wp-block-spacer\"><\/div>\n\n\n\n<div class=\"wp-block-uagb-container uagb-block-5ee87ca7\">\n<div class=\"wp-block-buttons is-content-justification-left is-layout-flex wp-container-core-buttons-is-layout-cbcbbe2f wp-block-buttons-is-layout-flex\" style=\"padding-right:var(--wp--preset--spacing--80);padding-left:var(--wp--preset--spacing--80)\">\n<div class=\"wp-block-button has-custom-width wp-block-button__width-50 is-style-fill\"><a class=\"wp-block-button__link has-background has-custom-font-size wp-element-button\" style=\"border-style:none;border-width:0px;background-color:#4892dc;padding-top:var(--wp--preset--spacing--30);padding-right:var(--wp--preset--spacing--70);padding-bottom:var(--wp--preset--spacing--30);padding-left:var(--wp--preset--spacing--70);font-size:1em\">REGULAMIN<\/a><\/div>\n\n\n\n<div class=\"wp-block-button has-custom-width wp-block-button__width-50 is-style-fill\"><a class=\"wp-block-button__link has-background has-custom-font-size wp-element-button\" style=\"border-style:none;border-width:0px;background-color:#4892dc;padding-top:var(--wp--preset--spacing--30);padding-right:var(--wp--preset--spacing--70);padding-bottom:var(--wp--preset--spacing--30);padding-left:var(--wp--preset--spacing--70);font-size:1em\">KARTA ZG\u0141OSZE\u0143<\/a><\/div>\n<\/div>\n<\/div>\n<\/div>\n\n\n\n<p><\/p>\n","protected":false},"excerpt":{"rendered":"<p>We\u017a udzia\u0142 w Biennalach Sztuki Wsp\u00f3\u0142czesnej 2026<\/p>\n","protected":false},"author":1,"featured_media":0,"parent":0,"menu_order":0,"comment_status":"closed","ping_status":"closed","template":"","meta":{"_uag_custom_page_level_css":"","site-sidebar-layout":"no-sidebar","site-content-layout":"","ast-site-content-layout":"full-width-container","site-content-style":"default","site-sidebar-style":"default","ast-global-header-display":"","ast-banner-title-visibility":"","ast-main-header-display":"","ast-hfb-above-header-display":"","ast-hfb-below-header-display":"","ast-hfb-mobile-header-display":"","site-post-title":"disabled","ast-breadcrumbs-content":"","ast-featured-img":"","footer-sml-layout":"","ast-disable-related-posts":"","theme-transparent-header-meta":"","adv-header-id-meta":"","stick-header-meta":"","header-above-stick-meta":"","header-main-stick-meta":"","header-below-stick-meta":"","astra-migrate-meta-layouts":"default","ast-page-background-enabled":"default","ast-page-background-meta":{"desktop":{"background-color":"var(--ast-global-color-5)","background-image":"","background-repeat":"repeat","background-position":"center center","background-size":"auto","background-attachment":"scroll","background-type":"","background-media":"","overlay-type":"","overlay-color":"","overlay-opacity":"","overlay-gradient":""},"tablet":{"background-color":"","background-image":"","background-repeat":"repeat","background-position":"center center","background-size":"auto","background-attachment":"scroll","background-type":"","background-media":"","overlay-type":"","overlay-color":"","overlay-opacity":"","overlay-gradient":""},"mobile":{"background-color":"","background-image":"","background-repeat":"repeat","background-position":"center center","background-size":"auto","background-attachment":"scroll","background-type":"","background-media":"","overlay-type":"","overlay-color":"","overlay-opacity":"","overlay-gradient":""}},"ast-content-background-meta":{"desktop":{"background-color":"var(--ast-global-color-4)","background-image":"","background-repeat":"repeat","background-position":"center center","background-size":"auto","background-attachment":"scroll","background-type":"","background-media":"","overlay-type":"","overlay-color":"","overlay-opacity":"","overlay-gradient":""},"tablet":{"background-color":"var(--ast-global-color-4)","background-image":"","background-repeat":"repeat","background-position":"center center","background-size":"auto","background-attachment":"scroll","background-type":"","background-media":"","overlay-type":"","overlay-color":"","overlay-opacity":"","overlay-gradient":""},"mobile":{"background-color":"var(--ast-global-color-4)","background-image":"","background-repeat":"repeat","background-position":"center center","background-size":"auto","background-attachment":"scroll","background-type":"","background-media":"","overlay-type":"","overlay-color":"","overlay-opacity":"","overlay-gradient":""}},"footnotes":""},"class_list":["post-1152","page","type-page","status-publish","hentry"],"uagb_featured_image_src":{"full":false,"thumbnail":false,"medium":false,"medium_large":false,"large":false,"1536x1536":false,"2048x2048":false},"uagb_author_info":{"display_name":"admin1772","author_link":"https:\/\/biennalepalacstruga.pl\/?author=1"},"uagb_comment_info":0,"uagb_excerpt":"We\u017a udzia\u0142 w Biennalach Sztuki Wsp\u00f3\u0142czesnej 2026","_links":{"self":[{"href":"https:\/\/biennalepalacstruga.pl\/index.php?rest_route=\/wp\/v2\/pages\/1152","targetHints":{"allow":["GET"]}}],"collection":[{"href":"https:\/\/biennalepalacstruga.pl\/index.php?rest_route=\/wp\/v2\/pages"}],"about":[{"href":"https:\/\/biennalepalacstruga.pl\/index.php?rest_route=\/wp\/v2\/types\/page"}],"author":[{"embeddable":true,"href":"https:\/\/biennalepalacstruga.pl\/index.php?rest_route=\/wp\/v2\/users\/1"}],"replies":[{"embeddable":true,"href":"https:\/\/biennalepalacstruga.pl\/index.php?rest_route=%2Fwp%2Fv2%2Fcomments&post=1152"}],"version-history":[{"count":4,"href":"https:\/\/biennalepalacstruga.pl\/index.php?rest_route=\/wp\/v2\/pages\/1152\/revisions"}],"predecessor-version":[{"id":1158,"href":"https:\/\/biennalepalacstruga.pl\/index.php?rest_route=\/wp\/v2\/pages\/1152\/revisions\/1158"}],"wp:attachment":[{"href":"https:\/\/biennalepalacstruga.pl\/index.php?rest_route=%2Fwp%2Fv2%2Fmedia&parent=1152"}],"curies":[{"name":"wp","href":"https:\/\/api.w.org\/{rel}","templated":true}]}}