{"id":104,"date":"2026-02-23T13:18:24","date_gmt":"2026-02-23T13:18:24","guid":{"rendered":"http:\/\/biennalepalacstruga.pl\/?page_id=104"},"modified":"2026-02-23T13:23:34","modified_gmt":"2026-02-23T13:23:34","slug":"historia-miedzynarodowy-przeglad-sztuki-2","status":"publish","type":"page","link":"https:\/\/biennalepalacstruga.pl\/?page_id=104","title":{"rendered":"Historia (Mi\u0119dzynarodowy Przegl\u0105d Sztuki):"},"content":{"rendered":"\n<h1 class=\"wp-block-heading is-style-default has-large-font-size\"><strong>Historia wydarzenia<\/strong><br>Mi\u0119dzynarodowe Biennale Sztuki \u2013 Pa\u0142ac Struga jest naturaln\u0105 kontynuacj\u0105 Mi\u0119dzynarodowych Przegl\u0105d\u00f3w Sztuki organizowanych w Pa\u0142acu Struga od 2021 roku.<\/h1>\n\n\n\n<p class=\"has-medium-font-size\"><br>Inspiracj\u0105 do stworzenia Mi\u0119dzynarodowego Przegl\u0105du Sztuki by\u0142y wieloletnie dzia\u0142ania artystyczne Krzysztofa Ryfy, prowadz\u0105cego prywatn\u0105 galeri\u0119 sztuki w zabytkowym spichlerzu w Ostrowie Wielkopolskim. Pierwsza edycja Przegl\u0105du odby\u0142a si\u0119 w 2021 roku dzi\u0119ki znacz\u0105cemu wsparciu merytorycznemu i technicznemu Krzysztofa Ryfy oraz Natalii Wegner.<\/p>\n\n\n\n<p class=\"has-medium-font-size\">W kolejnych latach formu\u0142a wydarzenia rozwija\u0142a si\u0119 i poszerza\u0142a zakres wsp\u00f3\u0142pracy. W latach 2023, 2024 i 2025 Mi\u0119dzynarodowy Przegl\u0105d Sztuki by\u0142 realizowany w koalicji trzech organizacji pozarz\u0105dowych: Niezale\u017cnego Stowarzyszenia Galeria 33 z Ostrowa Wielkopolskiego, Stowarzyszenia Stacja Kultura z Bornego Sulinowa oraz Fundacji Pa\u0142ac Struga.<\/p>\n\n\n\n<p class=\"has-medium-font-size\">Wsp\u00f3\u0142praca trzech \u015brodowisk artystycznych zaowocowa\u0142a projektem \u201eMi\u0119dzynarodowy Przegl\u0105d Sztuki \u2013 Od g\u00f3r po morze\u201d, \u0142\u0105cz\u0105cym artyst\u00f3w i instytucje z trzech wojew\u00f3dztw: wielkopolskiego, zachodniopomorskiego i dolno\u015bl\u0105skiego.<\/p>\n\n\n\n<p class=\"has-medium-font-size\">Do\u015bwiadczenia zdobyte podczas kolejnych edycji Przegl\u0105du oraz rosn\u0105ca skala zainteresowania wydarzeniem sta\u0142y si\u0119 impulsem do przekszta\u0142cenia formu\u0142y w Mi\u0119dzynarodowe Biennale Sztuki \u2013 Pa\u0142ac Struga. Nowa struktura umo\u017cliwia dalszy rozw\u00f3j projektu, wprowadzenie dwuetapowej selekcji oraz budowanie d\u0142ugofalowej to\u017csamo\u015bci wydarzenia.<\/p>\n","protected":false},"excerpt":{"rendered":"<p>Historia wydarzeniaMi\u0119dzynarodowe Biennale Sztuki \u2013 Pa\u0142ac Struga jest naturaln\u0105 kontynuacj\u0105 Mi\u0119dzynarodowych Przegl\u0105d\u00f3w Sztuki organizowanych w Pa\u0142acu Struga od 2021 roku. [&hellip;]<\/p>\n","protected":false},"author":1,"featured_media":0,"parent":0,"menu_order":2,"comment_status":"closed","ping_status":"closed","template":"","meta":{"_uag_custom_page_level_css":"","site-sidebar-layout":"default","site-content-layout":"","ast-site-content-layout":"default","site-content-style":"default","site-sidebar-style":"default","ast-global-header-display":"","ast-banner-title-visibility":"","ast-main-header-display":"","ast-hfb-above-header-display":"","ast-hfb-below-header-display":"","ast-hfb-mobile-header-display":"","site-post-title":"","ast-breadcrumbs-content":"","ast-featured-img":"","footer-sml-layout":"","ast-disable-related-posts":"","theme-transparent-header-meta":"","adv-header-id-meta":"","stick-header-meta":"","header-above-stick-meta":"","header-main-stick-meta":"","header-below-stick-meta":"","astra-migrate-meta-layouts":"default","ast-page-background-enabled":"default","ast-page-background-meta":{"desktop":{"background-color":"var(--ast-global-color-5)","background-image":"","background-repeat":"repeat","background-position":"center center","background-size":"auto","background-attachment":"scroll","background-type":"","background-media":"","overlay-type":"","overlay-color":"","overlay-opacity":"","overlay-gradient":""},"tablet":{"background-color":"","background-image":"","background-repeat":"repeat","background-position":"center center","background-size":"auto","background-attachment":"scroll","background-type":"","background-media":"","overlay-type":"","overlay-color":"","overlay-opacity":"","overlay-gradient":""},"mobile":{"background-color":"","background-image":"","background-repeat":"repeat","background-position":"center center","background-size":"auto","background-attachment":"scroll","background-type":"","background-media":"","overlay-type":"","overlay-color":"","overlay-opacity":"","overlay-gradient":""}},"ast-content-background-meta":{"desktop":{"background-color":"var(--ast-global-color-4)","background-image":"","background-repeat":"repeat","background-position":"center center","background-size":"auto","background-attachment":"scroll","background-type":"","background-media":"","overlay-type":"","overlay-color":"","overlay-opacity":"","overlay-gradient":""},"tablet":{"background-color":"var(--ast-global-color-4)","background-image":"","background-repeat":"repeat","background-position":"center center","background-size":"auto","background-attachment":"scroll","background-type":"","background-media":"","overlay-type":"","overlay-color":"","overlay-opacity":"","overlay-gradient":""},"mobile":{"background-color":"var(--ast-global-color-4)","background-image":"","background-repeat":"repeat","background-position":"center center","background-size":"auto","background-attachment":"scroll","background-type":"","background-media":"","overlay-type":"","overlay-color":"","overlay-opacity":"","overlay-gradient":""}},"footnotes":""},"class_list":["post-104","page","type-page","status-publish","hentry"],"uagb_featured_image_src":{"full":false,"thumbnail":false,"medium":false,"medium_large":false,"large":false,"1536x1536":false,"2048x2048":false},"uagb_author_info":{"display_name":"admin1772","author_link":"https:\/\/biennalepalacstruga.pl\/?author=1"},"uagb_comment_info":0,"uagb_excerpt":"Historia wydarzeniaMi\u0119dzynarodowe Biennale Sztuki \u2013 Pa\u0142ac Struga jest naturaln\u0105 kontynuacj\u0105 Mi\u0119dzynarodowych Przegl\u0105d\u00f3w Sztuki organizowanych w Pa\u0142acu Struga od 2021 roku. [&hellip;]","_links":{"self":[{"href":"https:\/\/biennalepalacstruga.pl\/index.php?rest_route=\/wp\/v2\/pages\/104","targetHints":{"allow":["GET"]}}],"collection":[{"href":"https:\/\/biennalepalacstruga.pl\/index.php?rest_route=\/wp\/v2\/pages"}],"about":[{"href":"https:\/\/biennalepalacstruga.pl\/index.php?rest_route=\/wp\/v2\/types\/page"}],"author":[{"embeddable":true,"href":"https:\/\/biennalepalacstruga.pl\/index.php?rest_route=\/wp\/v2\/users\/1"}],"replies":[{"embeddable":true,"href":"https:\/\/biennalepalacstruga.pl\/index.php?rest_route=%2Fwp%2Fv2%2Fcomments&post=104"}],"version-history":[{"count":2,"href":"https:\/\/biennalepalacstruga.pl\/index.php?rest_route=\/wp\/v2\/pages\/104\/revisions"}],"predecessor-version":[{"id":117,"href":"https:\/\/biennalepalacstruga.pl\/index.php?rest_route=\/wp\/v2\/pages\/104\/revisions\/117"}],"wp:attachment":[{"href":"https:\/\/biennalepalacstruga.pl\/index.php?rest_route=%2Fwp%2Fv2%2Fmedia&parent=104"}],"curies":[{"name":"wp","href":"https:\/\/api.w.org\/{rel}","templated":true}]}}